{"id":90,"date":"2012-12-01T13:48:15","date_gmt":"2012-12-01T12:48:15","guid":{"rendered":"http:\/\/verdouble.com\/?page_id=90"},"modified":"2023-11-23T18:28:26","modified_gmt":"2023-11-23T17:28:26","slug":"le-vigneron","status":"publish","type":"page","link":"https:\/\/verdouble.com\/?page_id=90","title":{"rendered":"Le vigneron"},"content":{"rendered":"<p style=\"text-align: left;\"><em><a href=\"http:\/\/verdouble.com\/wp-content\/uploads\/2018\/05\/DSC_1477.jpg\"><img loading=\"lazy\" decoding=\"async\" class=\"alignright  wp-image-3372\" src=\"http:\/\/verdouble.com\/wp-content\/uploads\/2018\/05\/DSC_1477-300x169.jpg\" alt=\"\" width=\"310\" height=\"178\" \/><\/a>S&rsquo;il se d\u00e9cide \u00e0 la cave, c&rsquo;est \u00e0 la vigne que le vin se dessine\u00a0<\/em><em>. D<\/em><em>e la taille aux vendanges, la nature impose le rythme et moi, le vigneron, je conduis mes vignes\u00a0<\/em><em>comme j&rsquo;\u00e9l\u00e8ve\u00a0mes vins,\u00a0<\/em><em>en douceur et sans artifice. Cucugnan, sur son promontoire, \u00a0veille sur un terroir d&rsquo;exception, situ\u00e9 au coeur des Corbi\u00e8res sauvages, \u00e0 l&rsquo;ombre des ch\u00e2teaux cathares de Qu\u00e9ribus et Peyrepertuse. \u00a0Dans ce pays de soleil et de vent, le raisin est vendang\u00e9 \u00a0\u00e0 la main,\u00a0<\/em><em>m\u00fbr<\/em><em> et\u00a0 sain. Ainsi naissent des vins naturels, riches de la terre et de la m\u00e9moire des hommes &#8230; <\/em><\/p>\n<p style=\"text-align: left;\">Laurent Battist<\/p>\n<h4 class=\"entry-title\" style=\"text-align: right;\"><a href=\"http:\/\/verdouble.com\/?page_id=873\"><strong>Engagement vigneron&#8230;<\/strong><\/a><\/h4>\n","protected":false},"excerpt":{"rendered":"<p>S&rsquo;il se d\u00e9cide \u00e0 la cave, c&rsquo;est \u00e0 la vigne que le vin se dessine\u00a0. De la taille aux vendanges, la nature impose le rythme et moi, le vigneron, je conduis mes vignes\u00a0comme j&rsquo;\u00e9l\u00e8ve\u00a0mes vins,\u00a0en douceur et sans artifice. Cucugnan, sur son promontoire, \u00a0veille sur un terroir d&rsquo;exception, situ\u00e9 au &#8230;<\/p>\n","protected":false},"author":1,"featured_media":0,"parent":0,"menu_order":3,"comment_status":"closed","ping_status":"closed","template":"","meta":{"_exactmetrics_skip_tracking":false,"_exactmetrics_sitenote_active":false,"_exactmetrics_sitenote_note":"","_exactmetrics_sitenote_category":0,"footnotes":""},"class_list":["post-90","page","type-page","status-publish","hentry","column","threecol"],"_links":{"self":[{"href":"https:\/\/verdouble.com\/index.php?rest_route=\/wp\/v2\/pages\/90","targetHints":{"allow":["GET"]}}],"collection":[{"href":"https:\/\/verdouble.com\/index.php?rest_route=\/wp\/v2\/pages"}],"about":[{"href":"https:\/\/verdouble.com\/index.php?rest_route=\/wp\/v2\/types\/page"}],"author":[{"embeddable":true,"href":"https:\/\/verdouble.com\/index.php?rest_route=\/wp\/v2\/users\/1"}],"replies":[{"embeddable":true,"href":"https:\/\/verdouble.com\/index.php?rest_route=%2Fwp%2Fv2%2Fcomments&post=90"}],"version-history":[{"count":77,"href":"https:\/\/verdouble.com\/index.php?rest_route=\/wp\/v2\/pages\/90\/revisions"}],"predecessor-version":[{"id":3747,"href":"https:\/\/verdouble.com\/index.php?rest_route=\/wp\/v2\/pages\/90\/revisions\/3747"}],"wp:attachment":[{"href":"https:\/\/verdouble.com\/index.php?rest_route=%2Fwp%2Fv2%2Fmedia&parent=90"}],"curies":[{"name":"wp","href":"https:\/\/api.w.org\/{rel}","templated":true}]}}