{"id":477,"date":"2012-12-05T11:49:42","date_gmt":"2012-12-05T10:49:42","guid":{"rendered":"http:\/\/verdouble.com\/?page_id=477"},"modified":"2023-11-21T23:09:23","modified_gmt":"2023-11-21T22:09:23","slug":"le-parcours-du-conteur","status":"publish","type":"page","link":"https:\/\/verdouble.com\/?page_id=477","title":{"rendered":"Le parcours du conteur&#8230;"},"content":{"rendered":"<p>Avant de m\u2019installer \u00e0 Cucugnan avec 5 ha de vignes, j&rsquo;ai voyag\u00e9 entre \u00a0tradition (berger, fromager, chaumier, marin,\u2026) et modernit\u00e9 (NTIC,\u00a0 conception d\u2019interfaces homme-machine, ergonomie cognitive, \u2026). \u00a0A l\u2019approche de la quarantaine, le th\u00e9\u00e2tre a apport\u00e9 de la coh\u00e9rence \u00e0 un parcours d\u00e9j\u00e0 riche de rencontres et d&rsquo;exp\u00e9riences. Apr\u00e8s une solide form<a href=\"http:\/\/verdouble.com\/wp-content\/uploads\/2021\/01\/Sara-Valero-Laurent-Battist-scaled.jpg\"><img loading=\"lazy\" decoding=\"async\" class=\" wp-image-3567 alignright\" src=\"http:\/\/verdouble.com\/wp-content\/uploads\/2021\/01\/Sara-Valero-Laurent-Battist-300x240.jpg\" alt=\"\" width=\"424\" height=\"342\" \/><\/a>ation et de belles\u00a0 rencontres\u00a0 (cours Florent, Cie Pierre Villaret sous la direction d\u2019<a href=\"http:\/\/fr.wikipedia.org\/wiki\/Anne_Delb%C3%A9e\" target=\"_blank\" rel=\"noopener noreferrer\"><em>Anne Delb\u00e9e<\/em><\/a>, Cie Art\u00e9ria sous la direction de <a href=\"https:\/\/youtu.be\/dhkArgsw7xM\"><em>S\u00e9bastien Davis<\/em><\/a> dans un travail inspir\u00e9 du Th\u00e9\u00e2tre Laboratoire de<a href=\"http:\/\/fr.wikipedia.org\/wiki\/Jerzy_Grotowski\" target=\"_blank\" rel=\"noopener noreferrer\"><em> Jersy Grotowski<\/em><\/a>), je joue au th\u00e9\u00e2tre sous la direction de : <em>\u00a0<a href=\"https:\/\/fr.wikipedia.org\/wiki\/Xavier_Gallais\" target=\"_blank\" rel=\"noopener\">Xavier Gallais<\/a><\/em> (Moli\u00e8re 2003) dans ESCURIAL de Michel Guelderode\u00a0; <a href=\"http:\/\/www.comedie-francaise.fr\/comedien.php?id=512&amp;idcom=499\" target=\"_blank\" rel=\"noopener noreferrer\"><em>Eric G\u00e9nov\u00e8se<\/em><\/a> (soci\u00e9taire de la Com\u00e9die Fran\u00e7aise) dans LES JUIFVES de Robert Garnier\u00a0; <a href=\"http:\/\/fr.wikipedia.org\/wiki\/Genevi%C3%A8ve_Casile\" target=\"_blank\" rel=\"noopener noreferrer\"><em>Genevi\u00e8ve Casile<\/em><\/a> (soci\u00e9taire honoraire de la Com\u00e9die Fran\u00e7aise) dans\u00a0 LE CHANDELIER de Musset\u00a0; <em>Anne Delb\u00e9e<\/em> dans <a title=\"Hernani\" href=\"http:\/\/verdouble.com\/?page_id=482\">HERNANI<\/a> de Victor Hugo\u00a0; <a href=\"http:\/\/en.wikipedia.org\/wiki\/Deborah_Warner\" target=\"_blank\" rel=\"noopener noreferrer\"><em>Deborah Warner<\/em><\/a> (au Th\u00e9\u00e2tre National de Chaillot) dans The Powerbook \u00a0de J. Winterson et Julius Caesar de W. Shakespeare\u00a0; <a href=\"http:\/\/www.nouvelleeloise.fr\/bruno-ladet.html\" target=\"_blank\" rel=\"noopener noreferrer\"><em>Bruno Ladet<\/em><\/a> dans <a href=\"https:\/\/youtu.be\/VDw6AF3ruDw\">LE PREMIER d\u2019Isra\u00ebl Horovitz<\/a>, etc &#8230; Avec quelques apparitions au cin\u00e9ma et des court-m\u00e9trages, c\u2019est avec la voix que je compl\u00e8te mon exp\u00e9rience d\u2019acteur (voix off, radio, lectures, audio-guides \u00a0:<a href=\"http:\/\/www.carcassonne.culture.fr\/\" target=\"_blank\" rel=\"noopener noreferrer\"><em> Cit\u00e9 M\u00e9di\u00e9vale de Carcassonne<\/em><\/a>, <a href=\"http:\/\/www.hospices-de-beaune.com\/\" target=\"_blank\" rel=\"noopener noreferrer\"><em>Hospices de Beaune<\/em><\/a>, <a href=\"http:\/\/angers.monuments-nationaux.fr\/\" target=\"_blank\" rel=\"noopener noreferrer\"><em>Ch\u00e2teau du roi Ren\u00e9 \u00e0 Angers<\/em><\/a>, <em><a href=\"https:\/\/www.echo-languedoc.fr\/le-sermon-du-cure-de-cucugnan-lorigine-du-mythe\/\" target=\"_blank\" rel=\"noopener\">Le Sermon du Cur\u00e9 de Cucugnan<\/a> au Th\u00e9\u00e2tre Achille Mir de Cucugnan &#8230;).<\/em><\/p>\n<p style=\"font-family: 'Open Sans', sans-serif; font-size: 15px; font-style: normal; font-variant-ligatures: normal; font-variant-caps: normal; font-weight: 400;\">Depuis 2011, je <a href=\"http:\/\/www.midilibre.fr\/2011\/11\/07\/une-fin-d-apres-midi-avec-vent-d-oc-et-d-ailleurs,413657.php\" target=\"_blank\" rel=\"noopener noreferrer\">conte \u00e0 Cucugnan et dans les villages\u00a0environnants<\/a> du Pays Corbi\u00e8res et Minervois et<strong> partout o\u00f9 j&rsquo;ai le plaisir d&rsquo;\u00eatre invit\u00e9<\/strong>&#8230;<\/p>\n<p>A bient\u00f4t !<\/p>\n<h5 class=\"entry-title\" style=\"text-align: right;\"><a href=\"http:\/\/verdouble.com\/?page_id=277\"><span style=\"color: #003300;\"><strong>La galerie du conteur<\/strong><\/span><\/a><\/h5>\n","protected":false},"excerpt":{"rendered":"<p>Avant de m\u2019installer \u00e0 Cucugnan avec 5 ha de vignes, j&rsquo;ai voyag\u00e9 entre \u00a0tradition (berger, fromager, chaumier, marin,\u2026) et modernit\u00e9 (NTIC,\u00a0 conception d\u2019interfaces homme-machine, ergonomie cognitive, \u2026). \u00a0A l\u2019approche de la quarantaine, le th\u00e9\u00e2tre a apport\u00e9 de la coh\u00e9rence \u00e0 un parcours d\u00e9j\u00e0 riche de rencontres et d&rsquo;exp\u00e9riences. Apr\u00e8s une &#8230;<\/p>\n","protected":false},"author":1,"featured_media":0,"parent":247,"menu_order":0,"comment_status":"closed","ping_status":"closed","template":"","meta":{"_exactmetrics_skip_tracking":false,"_exactmetrics_sitenote_active":false,"_exactmetrics_sitenote_note":"","_exactmetrics_sitenote_category":0,"footnotes":""},"class_list":["post-477","page","type-page","status-publish","hentry","column","threecol"],"_links":{"self":[{"href":"https:\/\/verdouble.com\/index.php?rest_route=\/wp\/v2\/pages\/477","targetHints":{"allow":["GET"]}}],"collection":[{"href":"https:\/\/verdouble.com\/index.php?rest_route=\/wp\/v2\/pages"}],"about":[{"href":"https:\/\/verdouble.com\/index.php?rest_route=\/wp\/v2\/types\/page"}],"author":[{"embeddable":true,"href":"https:\/\/verdouble.com\/index.php?rest_route=\/wp\/v2\/users\/1"}],"replies":[{"embeddable":true,"href":"https:\/\/verdouble.com\/index.php?rest_route=%2Fwp%2Fv2%2Fcomments&post=477"}],"version-history":[{"count":37,"href":"https:\/\/verdouble.com\/index.php?rest_route=\/wp\/v2\/pages\/477\/revisions"}],"predecessor-version":[{"id":3745,"href":"https:\/\/verdouble.com\/index.php?rest_route=\/wp\/v2\/pages\/477\/revisions\/3745"}],"up":[{"embeddable":true,"href":"https:\/\/verdouble.com\/index.php?rest_route=\/wp\/v2\/pages\/247"}],"wp:attachment":[{"href":"https:\/\/verdouble.com\/index.php?rest_route=%2Fwp%2Fv2%2Fmedia&parent=477"}],"curies":[{"name":"wp","href":"https:\/\/api.w.org\/{rel}","templated":true}]}}