{"id":3493,"date":"2020-03-30T11:17:33","date_gmt":"2020-03-30T09:17:33","guid":{"rendered":"http:\/\/verdouble.com\/?page_id=3493"},"modified":"2024-05-11T18:38:40","modified_gmt":"2024-05-11T16:38:40","slug":"accueil-mineurs","status":"publish","type":"page","link":"https:\/\/verdouble.com\/","title":{"rendered":""},"content":{"rendered":"<p style=\"text-align: center;\"><em><strong>Protection des mineurs<\/strong><\/em><\/p>\n<h4 style=\"text-align: center;\">Conform\u00e9ment \u00e0 l\u2019article L. 3342-1 du Code de la Sant\u00e9 Publique stipulant que la vente d\u2019alcool est interdite aux mineurs, la cr\u00e9ation de compte et les commandes sur le site du Domaine du Verdouble sont<span>\u00a0<\/span><strong>r\u00e9serv\u00e9es aux adultes de 18 ans et plus<\/strong>, ayant la capacit\u00e9 juridique.<\/h4>\n<p>&nbsp;<\/p>\n<h2 style=\"text-align: center;\"><a href=\"http:\/\/verdouble.com\/?page_id=77\"><span style=\"color: #ff0000;\"><strong>J&rsquo;ai plus de 18 ans<\/strong><\/span><\/a><\/h2>\n<p>&nbsp;<\/p>\n<p style=\"text-align: center;\">Il est en outre rappel\u00e9 que l\u2019abus d\u2019alcool est dangereux pour la sant\u00e9 et que le vin, <strong>m\u00eame NATUREL<\/strong>, est <strong><a href=\"http:\/\/www.alcool-info-service.fr\/alcool\" target=\"_blank\" rel=\"noopener noreferrer\"><u>\u00e0 consommer avec mod\u00e9ration<\/u><\/a>.<\/strong><\/p>\n","protected":false},"excerpt":{"rendered":"<p>Protection des mineurs Conform\u00e9ment \u00e0 l\u2019article L. 3342-1 du Code de la Sant\u00e9 Publique stipulant que la vente d\u2019alcool est interdite aux mineurs, la cr\u00e9ation de compte et les commandes sur le site du Domaine du Verdouble sont\u00a0r\u00e9serv\u00e9es aux adultes de 18 ans et plus, ayant la capacit\u00e9 juridique. &nbsp; &#8230;<\/p>\n","protected":false},"author":1,"featured_media":0,"parent":0,"menu_order":0,"comment_status":"closed","ping_status":"closed","template":"","meta":{"_exactmetrics_skip_tracking":false,"_exactmetrics_sitenote_active":false,"_exactmetrics_sitenote_note":"","_exactmetrics_sitenote_category":0,"footnotes":""},"class_list":["post-3493","page","type-page","status-publish","hentry","column","threecol"],"_links":{"self":[{"href":"https:\/\/verdouble.com\/index.php?rest_route=\/wp\/v2\/pages\/3493","targetHints":{"allow":["GET"]}}],"collection":[{"href":"https:\/\/verdouble.com\/index.php?rest_route=\/wp\/v2\/pages"}],"about":[{"href":"https:\/\/verdouble.com\/index.php?rest_route=\/wp\/v2\/types\/page"}],"author":[{"embeddable":true,"href":"https:\/\/verdouble.com\/index.php?rest_route=\/wp\/v2\/users\/1"}],"replies":[{"embeddable":true,"href":"https:\/\/verdouble.com\/index.php?rest_route=%2Fwp%2Fv2%2Fcomments&post=3493"}],"version-history":[{"count":16,"href":"https:\/\/verdouble.com\/index.php?rest_route=\/wp\/v2\/pages\/3493\/revisions"}],"predecessor-version":[{"id":3766,"href":"https:\/\/verdouble.com\/index.php?rest_route=\/wp\/v2\/pages\/3493\/revisions\/3766"}],"wp:attachment":[{"href":"https:\/\/verdouble.com\/index.php?rest_route=%2Fwp%2Fv2%2Fmedia&parent=3493"}],"curies":[{"name":"wp","href":"https:\/\/api.w.org\/{rel}","templated":true}]}}