{"id":77,"date":"2012-12-01T13:15:45","date_gmt":"2012-12-01T12:15:45","guid":{"rendered":"http:\/\/verdouble.com\/?page_id=77"},"modified":"2022-05-10T18:06:18","modified_gmt":"2022-05-10T16:06:18","slug":"le-vin-du-conteur","status":"publish","type":"page","link":"http:\/\/verdouble.com\/?page_id=77","title":{"rendered":"Histoires naturelles au Pays de Cucugnan &#8230;"},"content":{"rendered":"<address style=\"text-align: right;\">\n<figure id=\"attachment_2485\" aria-describedby=\"caption-attachment-2485\" style=\"width: 345px\" class=\"wp-caption alignleft\"><img loading=\"lazy\" decoding=\"async\" class=\"wp-image-2485\" src=\"http:\/\/verdouble.com\/wp-content\/uploads\/2014\/11\/DSC_0008-300x168.jpg\" alt=\"\" width=\"345\" height=\"193\" srcset=\"http:\/\/verdouble.com\/wp-content\/uploads\/2014\/11\/DSC_0008-300x168.jpg 300w, http:\/\/verdouble.com\/wp-content\/uploads\/2014\/11\/DSC_0008-150x84.jpg 150w, http:\/\/verdouble.com\/wp-content\/uploads\/2014\/11\/DSC_0008-700x393.jpg 700w, http:\/\/verdouble.com\/wp-content\/uploads\/2014\/11\/DSC_0008.jpg 800w\" sizes=\"auto, (max-width: 345px) 100vw, 345px\" \/><figcaption id=\"caption-attachment-2485\" class=\"wp-caption-text\">Faire un nouveau vin c&rsquo;est vouloir raconter une nouvelle histoire&#8230; Vignerons et Conteurs s&rsquo;inscrivent dans l&rsquo;art de la transmission<\/figcaption><\/figure>\n<\/address>\n<address>\u00a0<\/address>\n<address style=\"text-align: right;\"><span style=\"font-size: 14px; font-style: italic;\">\u00ab\u00a0L&rsquo;homme a cr\u00e9\u00e9 le vin, il y a bien longtemps, \u00e0 partir du fruit de la vigne et il a \u00e9t\u00e9 si fier de son invention qu&rsquo;il en a fait non seulement une partie importante de son alimentation, mais qu&rsquo;il l&rsquo;a int\u00e9gr\u00e9 dans sa religion, ses traditions, ses plaisirs et m\u00eame sa culture\u00a0\u00bb\u00a0<\/span><\/address>\n<address style=\"text-align: right;\">Michel Bouvier \u00a0 (Le vin c&rsquo;est toute une histoire)<\/address>\n<address>\u00a0<\/address>\n<h3 style=\"text-align: right;\"><a href=\"http:\/\/verdouble.com\/?page_id=90\"><span style=\"color: #3366ff;\"><strong><em>Le vigneron<\/em><\/strong><\/span><\/a><em>&#8230;<\/em><\/h3>\n<h4 style=\"text-align: right;\"><\/h4>\n<h4 style=\"text-align: right;\"><\/h4>\n","protected":false},"excerpt":{"rendered":"<p>\u00a0 \u00ab\u00a0L&rsquo;homme a cr\u00e9\u00e9 le vin, il y a bien longtemps, \u00e0 partir du fruit de la vigne et il a \u00e9t\u00e9 si fier de son invention qu&rsquo;il en a fait non seulement une partie importante de son alimentation, mais qu&rsquo;il l&rsquo;a int\u00e9gr\u00e9 dans sa religion, ses traditions, ses plaisirs &#8230;<\/p>\n","protected":false},"author":1,"featured_media":0,"parent":0,"menu_order":2,"comment_status":"closed","ping_status":"closed","template":"","meta":{"_exactmetrics_skip_tracking":false,"_exactmetrics_sitenote_active":false,"_exactmetrics_sitenote_note":"","_exactmetrics_sitenote_category":0,"footnotes":""},"class_list":["post-77","page","type-page","status-publish","hentry","column","threecol"],"_links":{"self":[{"href":"http:\/\/verdouble.com\/index.php?rest_route=\/wp\/v2\/pages\/77","targetHints":{"allow":["GET"]}}],"collection":[{"href":"http:\/\/verdouble.com\/index.php?rest_route=\/wp\/v2\/pages"}],"about":[{"href":"http:\/\/verdouble.com\/index.php?rest_route=\/wp\/v2\/types\/page"}],"author":[{"embeddable":true,"href":"http:\/\/verdouble.com\/index.php?rest_route=\/wp\/v2\/users\/1"}],"replies":[{"embeddable":true,"href":"http:\/\/verdouble.com\/index.php?rest_route=%2Fwp%2Fv2%2Fcomments&post=77"}],"version-history":[{"count":80,"href":"http:\/\/verdouble.com\/index.php?rest_route=\/wp\/v2\/pages\/77\/revisions"}],"predecessor-version":[{"id":3667,"href":"http:\/\/verdouble.com\/index.php?rest_route=\/wp\/v2\/pages\/77\/revisions\/3667"}],"wp:attachment":[{"href":"http:\/\/verdouble.com\/index.php?rest_route=%2Fwp%2Fv2%2Fmedia&parent=77"}],"curies":[{"name":"wp","href":"https:\/\/api.w.org\/{rel}","templated":true}]}}